{"id":9765,"date":"2024-08-28T18:21:13","date_gmt":"2024-08-28T16:21:13","guid":{"rendered":"https:\/\/pacolab-dz.com\/?post_type=product&#038;p=9765"},"modified":"2024-08-28T18:24:33","modified_gmt":"2024-08-28T16:24:33","slug":"balance-electronique-medical-disponible","status":"publish","type":"product","link":"https:\/\/pacolab-dz.com\/?product=balance-electronique-medical-disponible","title":{"rendered":"Balance \u00e9l\u00e9ctronique Medical Disponible"},"content":{"rendered":"","protected":false},"excerpt":{"rendered":"<p>Balance \u00e9l\u00e9ctronique Medical Disponible<\/p>\n","protected":false},"featured_media":9766,"comment_status":"open","ping_status":"closed","template":"","meta":{"om_disable_all_campaigns":false,"_monsterinsights_skip_tracking":false,"_monsterinsights_sitenote_active":false,"_monsterinsights_sitenote_note":"","_monsterinsights_sitenote_category":0,"_uf_show_specific_survey":0,"_uf_disable_surveys":false},"product_cat":[56,96],"product_tag":[],"class_list":{"0":"post-9765","1":"product","2":"type-product","3":"status-publish","4":"has-post-thumbnail","6":"product_cat-devices","7":"product_cat-parapharm","9":"first","10":"instock","11":"shipping-taxable","12":"product-type-simple"},"_links":{"self":[{"href":"https:\/\/pacolab-dz.com\/index.php?rest_route=\/wp\/v2\/product\/9765","targetHints":{"allow":["GET"]}}],"collection":[{"href":"https:\/\/pacolab-dz.com\/index.php?rest_route=\/wp\/v2\/product"}],"about":[{"href":"https:\/\/pacolab-dz.com\/index.php?rest_route=\/wp\/v2\/types\/product"}],"replies":[{"embeddable":true,"href":"https:\/\/pacolab-dz.com\/index.php?rest_route=%2Fwp%2Fv2%2Fcomments&post=9765"}],"version-history":[{"count":0,"href":"https:\/\/pacolab-dz.com\/index.php?rest_route=\/wp\/v2\/product\/9765\/revisions"}],"wp:featuredmedia":[{"embeddable":true,"href":"https:\/\/pacolab-dz.com\/index.php?rest_route=\/wp\/v2\/media\/9766"}],"wp:attachment":[{"href":"https:\/\/pacolab-dz.com\/index.php?rest_route=%2Fwp%2Fv2%2Fmedia&parent=9765"}],"wp:term":[{"taxonomy":"product_cat","embeddable":true,"href":"https:\/\/pacolab-dz.com\/index.php?rest_route=%2Fwp%2Fv2%2Fproduct_cat&post=9765"},{"taxonomy":"product_tag","embeddable":true,"href":"https:\/\/pacolab-dz.com\/index.php?rest_route=%2Fwp%2Fv2%2Fproduct_tag&post=9765"}],"curies":[{"name":"wp","href":"https:\/\/api.w.org\/{rel}","templated":true}]}}