{"id":9626,"date":"2024-08-27T19:54:20","date_gmt":"2024-08-27T17:54:20","guid":{"rendered":"https:\/\/pacolab-dz.com\/?post_type=product&#038;p=9626"},"modified":"2024-08-27T19:58:32","modified_gmt":"2024-08-27T17:58:32","slug":"ensembles-pour-bebe-fillette-et-garcon","status":"publish","type":"product","link":"https:\/\/pacolab-dz.com\/?product=ensembles-pour-bebe-fillette-et-garcon","title":{"rendered":"ENSEMBLES POUR BEBE FILLETTE ET GARCON"},"content":{"rendered":"","protected":false},"excerpt":{"rendered":"<p>Craquez pour nos ensembles adorables, sp\u00e9cialement con\u00e7us pour les b\u00e9b\u00e9s, filles et gar\u00e7ons. Chaque ensemble est soigneusement confectionn\u00e9 avec des mat\u00e9riaux doux et respirants pour assurer le confort de votre petit tout au long de la journ\u00e9e. Disponibles dans une vari\u00e9t\u00e9 de styles et de couleurs tendance, ces ensembles sont parfaits pour toutes les occasions, que ce soit pour une sortie en famille ou une journ\u00e9e \u00e0 la maison. Offrez \u00e0 votre b\u00e9b\u00e9 un look charmant et confortable avec nos collections \u00e9l\u00e9gantes<\/p>\n","protected":false},"featured_media":9627,"comment_status":"open","ping_status":"closed","template":"","meta":{"om_disable_all_campaigns":false,"_monsterinsights_skip_tracking":false,"_monsterinsights_sitenote_active":false,"_monsterinsights_sitenote_note":"","_monsterinsights_sitenote_category":0,"_uf_show_specific_survey":0,"_uf_disable_surveys":false},"product_cat":[101],"product_tag":[],"class_list":{"0":"post-9626","1":"product","2":"type-product","3":"status-publish","4":"has-post-thumbnail","6":"product_cat-article-bebe","8":"first","9":"instock","10":"shipping-taxable","11":"product-type-simple"},"_links":{"self":[{"href":"https:\/\/pacolab-dz.com\/index.php?rest_route=\/wp\/v2\/product\/9626","targetHints":{"allow":["GET"]}}],"collection":[{"href":"https:\/\/pacolab-dz.com\/index.php?rest_route=\/wp\/v2\/product"}],"about":[{"href":"https:\/\/pacolab-dz.com\/index.php?rest_route=\/wp\/v2\/types\/product"}],"replies":[{"embeddable":true,"href":"https:\/\/pacolab-dz.com\/index.php?rest_route=%2Fwp%2Fv2%2Fcomments&post=9626"}],"version-history":[{"count":0,"href":"https:\/\/pacolab-dz.com\/index.php?rest_route=\/wp\/v2\/product\/9626\/revisions"}],"wp:featuredmedia":[{"embeddable":true,"href":"https:\/\/pacolab-dz.com\/index.php?rest_route=\/wp\/v2\/media\/9627"}],"wp:attachment":[{"href":"https:\/\/pacolab-dz.com\/index.php?rest_route=%2Fwp%2Fv2%2Fmedia&parent=9626"}],"wp:term":[{"taxonomy":"product_cat","embeddable":true,"href":"https:\/\/pacolab-dz.com\/index.php?rest_route=%2Fwp%2Fv2%2Fproduct_cat&post=9626"},{"taxonomy":"product_tag","embeddable":true,"href":"https:\/\/pacolab-dz.com\/index.php?rest_route=%2Fwp%2Fv2%2Fproduct_tag&post=9626"}],"curies":[{"name":"wp","href":"https:\/\/api.w.org\/{rel}","templated":true}]}}