{"id":9570,"date":"2024-08-27T19:32:44","date_gmt":"2024-08-27T17:32:44","guid":{"rendered":"https:\/\/pacolab-dz.com\/?post_type=product&#038;p=9570"},"modified":"2024-08-27T19:36:36","modified_gmt":"2024-08-27T17:36:36","slug":"cap-topbaby-fillette-et-garcon","status":"publish","type":"product","link":"https:\/\/pacolab-dz.com\/?product=cap-topbaby-fillette-et-garcon","title":{"rendered":"CAP TOPBABY FILLETTE ET GARCON"},"content":{"rendered":"","protected":false},"excerpt":{"rendered":"<p>D\u00e9couvrez CETTE CAP TopBaby, parfaite pour votre petit aventurier ou aventuri\u00e8re ! Con\u00e7ue pour s&rsquo;adapter aussi bien aux filles qu&rsquo;aux gar\u00e7ons, cette casquette allie style et fonctionnalit\u00e9. Fabriqu\u00e9e avec des mat\u00e9riaux doux et respirants, elle prot\u00e8ge efficacement du soleil tout en offrant un confort in\u00e9gal\u00e9. Choisissez parmi une gamm<\/p>\n","protected":false},"featured_media":9571,"comment_status":"open","ping_status":"closed","template":"","meta":{"om_disable_all_campaigns":false,"_monsterinsights_skip_tracking":false,"_monsterinsights_sitenote_active":false,"_monsterinsights_sitenote_note":"","_monsterinsights_sitenote_category":0,"_uf_show_specific_survey":0,"_uf_disable_surveys":false},"product_cat":[101],"product_tag":[],"class_list":{"0":"post-9570","1":"product","2":"type-product","3":"status-publish","4":"has-post-thumbnail","6":"product_cat-article-bebe","8":"first","9":"instock","10":"shipping-taxable","11":"product-type-simple"},"_links":{"self":[{"href":"https:\/\/pacolab-dz.com\/index.php?rest_route=\/wp\/v2\/product\/9570","targetHints":{"allow":["GET"]}}],"collection":[{"href":"https:\/\/pacolab-dz.com\/index.php?rest_route=\/wp\/v2\/product"}],"about":[{"href":"https:\/\/pacolab-dz.com\/index.php?rest_route=\/wp\/v2\/types\/product"}],"replies":[{"embeddable":true,"href":"https:\/\/pacolab-dz.com\/index.php?rest_route=%2Fwp%2Fv2%2Fcomments&post=9570"}],"version-history":[{"count":0,"href":"https:\/\/pacolab-dz.com\/index.php?rest_route=\/wp\/v2\/product\/9570\/revisions"}],"wp:featuredmedia":[{"embeddable":true,"href":"https:\/\/pacolab-dz.com\/index.php?rest_route=\/wp\/v2\/media\/9571"}],"wp:attachment":[{"href":"https:\/\/pacolab-dz.com\/index.php?rest_route=%2Fwp%2Fv2%2Fmedia&parent=9570"}],"wp:term":[{"taxonomy":"product_cat","embeddable":true,"href":"https:\/\/pacolab-dz.com\/index.php?rest_route=%2Fwp%2Fv2%2Fproduct_cat&post=9570"},{"taxonomy":"product_tag","embeddable":true,"href":"https:\/\/pacolab-dz.com\/index.php?rest_route=%2Fwp%2Fv2%2Fproduct_tag&post=9570"}],"curies":[{"name":"wp","href":"https:\/\/api.w.org\/{rel}","templated":true}]}}