{"id":9540,"date":"2024-08-27T19:24:08","date_gmt":"2024-08-27T17:24:08","guid":{"rendered":"https:\/\/pacolab-dz.com\/?post_type=product&#038;p=9540"},"modified":"2024-08-27T19:32:38","modified_gmt":"2024-08-27T17:32:38","slug":"casquette-pour-bebe-et-enfant-filette-et-garcon","status":"publish","type":"product","link":"https:\/\/pacolab-dz.com\/?product=casquette-pour-bebe-et-enfant-filette-et-garcon","title":{"rendered":"CASQUETTE POUR BEBE ET ENFANT FILETTE ET GARCON"},"content":{"rendered":"","protected":false},"excerpt":{"rendered":"<p>CASQUETTE POUR BEBE ET ENFANT FILETTE ET GARCON<br \/>Ajoutez une touche de style et de protection \u00e0 la tenue de votre petit avec cette adorable casquette. Con\u00e7ue pour s&rsquo;adapter aussi bien aux filles qu&rsquo;aux gar\u00e7ons, elle offre un confort optimal et une protection contre le soleil. Disponible dans une vari\u00e9t\u00e9 de couleurs vives, cette casquette est l&rsquo;accessoire parfait pour les sorties en plein air<\/p>\n","protected":false},"featured_media":9541,"comment_status":"open","ping_status":"closed","template":"","meta":{"om_disable_all_campaigns":false,"_monsterinsights_skip_tracking":false,"_monsterinsights_sitenote_active":false,"_monsterinsights_sitenote_note":"","_monsterinsights_sitenote_category":0,"_uf_show_specific_survey":0,"_uf_disable_surveys":false},"product_cat":[101],"product_tag":[],"class_list":{"0":"post-9540","1":"product","2":"type-product","3":"status-publish","4":"has-post-thumbnail","6":"product_cat-article-bebe","8":"first","9":"instock","10":"shipping-taxable","11":"product-type-simple"},"_links":{"self":[{"href":"https:\/\/pacolab-dz.com\/index.php?rest_route=\/wp\/v2\/product\/9540","targetHints":{"allow":["GET"]}}],"collection":[{"href":"https:\/\/pacolab-dz.com\/index.php?rest_route=\/wp\/v2\/product"}],"about":[{"href":"https:\/\/pacolab-dz.com\/index.php?rest_route=\/wp\/v2\/types\/product"}],"replies":[{"embeddable":true,"href":"https:\/\/pacolab-dz.com\/index.php?rest_route=%2Fwp%2Fv2%2Fcomments&post=9540"}],"version-history":[{"count":0,"href":"https:\/\/pacolab-dz.com\/index.php?rest_route=\/wp\/v2\/product\/9540\/revisions"}],"wp:featuredmedia":[{"embeddable":true,"href":"https:\/\/pacolab-dz.com\/index.php?rest_route=\/wp\/v2\/media\/9541"}],"wp:attachment":[{"href":"https:\/\/pacolab-dz.com\/index.php?rest_route=%2Fwp%2Fv2%2Fmedia&parent=9540"}],"wp:term":[{"taxonomy":"product_cat","embeddable":true,"href":"https:\/\/pacolab-dz.com\/index.php?rest_route=%2Fwp%2Fv2%2Fproduct_cat&post=9540"},{"taxonomy":"product_tag","embeddable":true,"href":"https:\/\/pacolab-dz.com\/index.php?rest_route=%2Fwp%2Fv2%2Fproduct_tag&post=9540"}],"curies":[{"name":"wp","href":"https:\/\/api.w.org\/{rel}","templated":true}]}}