{"id":9480,"date":"2024-08-27T12:52:34","date_gmt":"2024-08-27T10:52:34","guid":{"rendered":"https:\/\/pacolab-dz.com\/?post_type=product&#038;p=9480"},"modified":"2024-08-27T12:54:09","modified_gmt":"2024-08-27T10:54:09","slug":"venus-eau-de-cologne-bebe-250ml","status":"publish","type":"product","link":"https:\/\/pacolab-dz.com\/?product=venus-eau-de-cologne-bebe-250ml","title":{"rendered":"VENUS Eau de Cologne b\u00e9b\u00e9 250ml"},"content":{"rendered":"","protected":false},"excerpt":{"rendered":"<p>Pour le bien \u00eatre de votre b\u00e9b\u00e9,\u00a0<em>Les Laboratoires V\u00e9nus\u00a0<\/em>ont con\u00e7u l\u2019<strong>Eau de Cologne<\/strong>\u00a0\u00ab\u00a0<em><strong>V\u00e9nus B\u00e9b\u00e9<\/strong><\/em>\u00a0\u00bb. Test\u00e9e sous contr\u00f4le dermatologique, elle procure une sensation de fra\u00eecheur et laisse la peau d\u00e9licatement parfum\u00e9e<\/p>\n","protected":false},"featured_media":9481,"comment_status":"open","ping_status":"closed","template":"","meta":{"om_disable_all_campaigns":false,"_monsterinsights_skip_tracking":false,"_monsterinsights_sitenote_active":false,"_monsterinsights_sitenote_note":"","_monsterinsights_sitenote_category":0,"_uf_show_specific_survey":0,"_uf_disable_surveys":false},"product_cat":[104],"product_tag":[],"class_list":{"0":"post-9480","1":"product","2":"type-product","3":"status-publish","4":"has-post-thumbnail","6":"product_cat-cosmetique-bebe","8":"first","9":"instock","10":"shipping-taxable","11":"product-type-simple"},"_links":{"self":[{"href":"https:\/\/pacolab-dz.com\/index.php?rest_route=\/wp\/v2\/product\/9480","targetHints":{"allow":["GET"]}}],"collection":[{"href":"https:\/\/pacolab-dz.com\/index.php?rest_route=\/wp\/v2\/product"}],"about":[{"href":"https:\/\/pacolab-dz.com\/index.php?rest_route=\/wp\/v2\/types\/product"}],"replies":[{"embeddable":true,"href":"https:\/\/pacolab-dz.com\/index.php?rest_route=%2Fwp%2Fv2%2Fcomments&post=9480"}],"version-history":[{"count":0,"href":"https:\/\/pacolab-dz.com\/index.php?rest_route=\/wp\/v2\/product\/9480\/revisions"}],"wp:featuredmedia":[{"embeddable":true,"href":"https:\/\/pacolab-dz.com\/index.php?rest_route=\/wp\/v2\/media\/9481"}],"wp:attachment":[{"href":"https:\/\/pacolab-dz.com\/index.php?rest_route=%2Fwp%2Fv2%2Fmedia&parent=9480"}],"wp:term":[{"taxonomy":"product_cat","embeddable":true,"href":"https:\/\/pacolab-dz.com\/index.php?rest_route=%2Fwp%2Fv2%2Fproduct_cat&post=9480"},{"taxonomy":"product_tag","embeddable":true,"href":"https:\/\/pacolab-dz.com\/index.php?rest_route=%2Fwp%2Fv2%2Fproduct_tag&post=9480"}],"curies":[{"name":"wp","href":"https:\/\/api.w.org\/{rel}","templated":true}]}}