{"id":9478,"date":"2024-08-27T12:49:46","date_gmt":"2024-08-27T10:49:46","guid":{"rendered":"https:\/\/pacolab-dz.com\/?post_type=product&#038;p=9478"},"modified":"2024-08-27T12:52:14","modified_gmt":"2024-08-27T10:52:14","slug":"venus-shampooing-bebe-250ml","status":"publish","type":"product","link":"https:\/\/pacolab-dz.com\/?product=venus-shampooing-bebe-250ml","title":{"rendered":"VENUS Shampooing b\u00e9b\u00e9 250ml"},"content":{"rendered":"","protected":false},"excerpt":{"rendered":"<p>Pour le bien \u00eatre de votre b\u00e9b\u00e9,\u00a0<em>Les Laboratoires V\u00e9nus<\/em>\u00a0ont con\u00e7u le\u00a0<strong>Shampooing<\/strong>\u00a0\u00ab<strong><em>\u00a0V\u00e9nus B\u00e9b\u00e9<\/em><\/strong>\u00bb. Test\u00e9 sous contr\u00f4le dermatologique, il lave en douceur les cheveux fins et les laisse soyeux et brillants.<\/p>\n<p>Caract\u00e9ristiques :Test\u00e9 sous contr\u00f4le dermatologique.<\/p>\n","protected":false},"featured_media":9479,"comment_status":"open","ping_status":"closed","template":"","meta":{"om_disable_all_campaigns":false,"_monsterinsights_skip_tracking":false,"_monsterinsights_sitenote_active":false,"_monsterinsights_sitenote_note":"","_monsterinsights_sitenote_category":0,"_uf_show_specific_survey":0,"_uf_disable_surveys":false},"product_cat":[104],"product_tag":[],"class_list":{"0":"post-9478","1":"product","2":"type-product","3":"status-publish","4":"has-post-thumbnail","6":"product_cat-cosmetique-bebe","8":"first","9":"instock","10":"shipping-taxable","11":"product-type-simple"},"_links":{"self":[{"href":"https:\/\/pacolab-dz.com\/index.php?rest_route=\/wp\/v2\/product\/9478","targetHints":{"allow":["GET"]}}],"collection":[{"href":"https:\/\/pacolab-dz.com\/index.php?rest_route=\/wp\/v2\/product"}],"about":[{"href":"https:\/\/pacolab-dz.com\/index.php?rest_route=\/wp\/v2\/types\/product"}],"replies":[{"embeddable":true,"href":"https:\/\/pacolab-dz.com\/index.php?rest_route=%2Fwp%2Fv2%2Fcomments&post=9478"}],"version-history":[{"count":0,"href":"https:\/\/pacolab-dz.com\/index.php?rest_route=\/wp\/v2\/product\/9478\/revisions"}],"wp:featuredmedia":[{"embeddable":true,"href":"https:\/\/pacolab-dz.com\/index.php?rest_route=\/wp\/v2\/media\/9479"}],"wp:attachment":[{"href":"https:\/\/pacolab-dz.com\/index.php?rest_route=%2Fwp%2Fv2%2Fmedia&parent=9478"}],"wp:term":[{"taxonomy":"product_cat","embeddable":true,"href":"https:\/\/pacolab-dz.com\/index.php?rest_route=%2Fwp%2Fv2%2Fproduct_cat&post=9478"},{"taxonomy":"product_tag","embeddable":true,"href":"https:\/\/pacolab-dz.com\/index.php?rest_route=%2Fwp%2Fv2%2Fproduct_tag&post=9478"}],"curies":[{"name":"wp","href":"https:\/\/api.w.org\/{rel}","templated":true}]}}