{"id":9472,"date":"2024-08-27T12:29:22","date_gmt":"2024-08-27T10:29:22","guid":{"rendered":"https:\/\/pacolab-dz.com\/?post_type=product&#038;p=9472"},"modified":"2024-08-27T12:33:39","modified_gmt":"2024-08-27T10:33:39","slug":"venus-eau-de-toilette-250ml","status":"publish","type":"product","link":"https:\/\/pacolab-dz.com\/?product=venus-eau-de-toilette-250ml","title":{"rendered":"VENUS Eau de Toilette 250ML"},"content":{"rendered":"","protected":false},"excerpt":{"rendered":"<p>Pour le bien \u00eatre de votre b\u00e9b\u00e9,\u00a0<em>Les Laboratoires V\u00e9nus\u00a0<\/em>ont con\u00e7u l\u2019<strong>Eau de Toilette<\/strong>\u00a0\u00ab\u00a0<strong><em>V\u00e9nus B\u00e9b\u00e9<\/em><\/strong>\u00bb. Test\u00e9e sous contr\u00f4le dermatologique, elle rafra\u00eechit et parfume la peau. Sans alcool, elle s\u2019utilise \u00e9galement pour coiffer les cheveux fins en douceur.<br \/>Caract\u00e9ristiques :<br \/>Test\u00e9e sous contr\u00f4le dermatologique<\/p>\n","protected":false},"featured_media":9473,"comment_status":"open","ping_status":"closed","template":"","meta":{"om_disable_all_campaigns":false,"_monsterinsights_skip_tracking":false,"_monsterinsights_sitenote_active":false,"_monsterinsights_sitenote_note":"","_monsterinsights_sitenote_category":0,"_uf_show_specific_survey":0,"_uf_disable_surveys":false},"product_cat":[104],"product_tag":[],"class_list":{"0":"post-9472","1":"product","2":"type-product","3":"status-publish","4":"has-post-thumbnail","6":"product_cat-cosmetique-bebe","8":"first","9":"instock","10":"shipping-taxable","11":"product-type-simple"},"_links":{"self":[{"href":"https:\/\/pacolab-dz.com\/index.php?rest_route=\/wp\/v2\/product\/9472","targetHints":{"allow":["GET"]}}],"collection":[{"href":"https:\/\/pacolab-dz.com\/index.php?rest_route=\/wp\/v2\/product"}],"about":[{"href":"https:\/\/pacolab-dz.com\/index.php?rest_route=\/wp\/v2\/types\/product"}],"replies":[{"embeddable":true,"href":"https:\/\/pacolab-dz.com\/index.php?rest_route=%2Fwp%2Fv2%2Fcomments&post=9472"}],"version-history":[{"count":0,"href":"https:\/\/pacolab-dz.com\/index.php?rest_route=\/wp\/v2\/product\/9472\/revisions"}],"wp:featuredmedia":[{"embeddable":true,"href":"https:\/\/pacolab-dz.com\/index.php?rest_route=\/wp\/v2\/media\/9473"}],"wp:attachment":[{"href":"https:\/\/pacolab-dz.com\/index.php?rest_route=%2Fwp%2Fv2%2Fmedia&parent=9472"}],"wp:term":[{"taxonomy":"product_cat","embeddable":true,"href":"https:\/\/pacolab-dz.com\/index.php?rest_route=%2Fwp%2Fv2%2Fproduct_cat&post=9472"},{"taxonomy":"product_tag","embeddable":true,"href":"https:\/\/pacolab-dz.com\/index.php?rest_route=%2Fwp%2Fv2%2Fproduct_tag&post=9472"}],"curies":[{"name":"wp","href":"https:\/\/api.w.org\/{rel}","templated":true}]}}