{"id":9460,"date":"2024-08-27T11:41:51","date_gmt":"2024-08-27T09:41:51","guid":{"rendered":"https:\/\/pacolab-dz.com\/?post_type=product&#038;p=9460"},"modified":"2024-08-27T11:44:08","modified_gmt":"2024-08-27T09:44:08","slug":"ptit-ours-talc-parfumee-100g","status":"publish","type":"product","link":"https:\/\/pacolab-dz.com\/?product=ptit-ours-talc-parfumee-100g","title":{"rendered":"P&rsquo;TIT OURS TALC Parfum\u00e9e 100G"},"content":{"rendered":"","protected":false},"excerpt":{"rendered":"<p>Le Talc P\u2019TIT OURS B\u00e9b\u00e9 100 g est con\u00e7u pour offrir une protection douce et efficace \u00e0 la peau d\u00e9licate des b\u00e9b\u00e9s. Id\u00e9al pour une utilisation quotidienne, ce talc aide \u00e0 maintenir la peau s\u00e8che, douce et confortable, tout en pr\u00e9venant les irritations et les rougeurs<\/p>\n","protected":false},"featured_media":9461,"comment_status":"open","ping_status":"closed","template":"","meta":{"om_disable_all_campaigns":false,"_monsterinsights_skip_tracking":false,"_monsterinsights_sitenote_active":false,"_monsterinsights_sitenote_note":"","_monsterinsights_sitenote_category":0,"_uf_show_specific_survey":0,"_uf_disable_surveys":false},"product_cat":[104],"product_tag":[],"class_list":{"0":"post-9460","1":"product","2":"type-product","3":"status-publish","4":"has-post-thumbnail","6":"product_cat-cosmetique-bebe","8":"first","9":"instock","10":"shipping-taxable","11":"product-type-simple"},"_links":{"self":[{"href":"https:\/\/pacolab-dz.com\/index.php?rest_route=\/wp\/v2\/product\/9460","targetHints":{"allow":["GET"]}}],"collection":[{"href":"https:\/\/pacolab-dz.com\/index.php?rest_route=\/wp\/v2\/product"}],"about":[{"href":"https:\/\/pacolab-dz.com\/index.php?rest_route=\/wp\/v2\/types\/product"}],"replies":[{"embeddable":true,"href":"https:\/\/pacolab-dz.com\/index.php?rest_route=%2Fwp%2Fv2%2Fcomments&post=9460"}],"version-history":[{"count":0,"href":"https:\/\/pacolab-dz.com\/index.php?rest_route=\/wp\/v2\/product\/9460\/revisions"}],"wp:featuredmedia":[{"embeddable":true,"href":"https:\/\/pacolab-dz.com\/index.php?rest_route=\/wp\/v2\/media\/9461"}],"wp:attachment":[{"href":"https:\/\/pacolab-dz.com\/index.php?rest_route=%2Fwp%2Fv2%2Fmedia&parent=9460"}],"wp:term":[{"taxonomy":"product_cat","embeddable":true,"href":"https:\/\/pacolab-dz.com\/index.php?rest_route=%2Fwp%2Fv2%2Fproduct_cat&post=9460"},{"taxonomy":"product_tag","embeddable":true,"href":"https:\/\/pacolab-dz.com\/index.php?rest_route=%2Fwp%2Fv2%2Fproduct_tag&post=9460"}],"curies":[{"name":"wp","href":"https:\/\/api.w.org\/{rel}","templated":true}]}}