{"id":9458,"date":"2024-08-27T11:38:30","date_gmt":"2024-08-27T09:38:30","guid":{"rendered":"https:\/\/pacolab-dz.com\/?post_type=product&#038;p=9458"},"modified":"2024-08-27T11:41:45","modified_gmt":"2024-08-27T09:41:45","slug":"hiposol-talc-parfumee-100g","status":"publish","type":"product","link":"https:\/\/pacolab-dz.com\/?product=hiposol-talc-parfumee-100g","title":{"rendered":"HIPOSOL TALC Parfum\u00e9e 100G"},"content":{"rendered":"","protected":false},"excerpt":{"rendered":"<p>La poudre parfum\u00e9e pour b\u00e9b\u00e9 sp\u00e9cialement con\u00e7ue pour la peau sensible des b\u00e9b\u00e9s aide \u00e0 garder la peau s\u00e8che et \u00e0 pr\u00e9venir les irritations caus\u00e9es par la friction ou l&rsquo;humidit\u00e9. Il ajoute \u00e9galement un parfum agr\u00e9able \u00e0 la peau de b\u00e9b\u00e9, lui procurant une sensation de fra\u00eecheur. Peut \u00eatre utilis\u00e9 apr\u00e8s le bain ou lors du changement de couche pour apporter confort et protection \u00e0 la peau de b\u00e9b\u00e9.<\/p>\n","protected":false},"featured_media":9459,"comment_status":"open","ping_status":"closed","template":"","meta":{"om_disable_all_campaigns":false,"_monsterinsights_skip_tracking":false,"_monsterinsights_sitenote_active":false,"_monsterinsights_sitenote_note":"","_monsterinsights_sitenote_category":0,"_uf_show_specific_survey":0,"_uf_disable_surveys":false},"product_cat":[104],"product_tag":[],"class_list":{"0":"post-9458","1":"product","2":"type-product","3":"status-publish","4":"has-post-thumbnail","6":"product_cat-cosmetique-bebe","8":"first","9":"instock","10":"shipping-taxable","11":"product-type-simple"},"_links":{"self":[{"href":"https:\/\/pacolab-dz.com\/index.php?rest_route=\/wp\/v2\/product\/9458","targetHints":{"allow":["GET"]}}],"collection":[{"href":"https:\/\/pacolab-dz.com\/index.php?rest_route=\/wp\/v2\/product"}],"about":[{"href":"https:\/\/pacolab-dz.com\/index.php?rest_route=\/wp\/v2\/types\/product"}],"replies":[{"embeddable":true,"href":"https:\/\/pacolab-dz.com\/index.php?rest_route=%2Fwp%2Fv2%2Fcomments&post=9458"}],"version-history":[{"count":0,"href":"https:\/\/pacolab-dz.com\/index.php?rest_route=\/wp\/v2\/product\/9458\/revisions"}],"wp:featuredmedia":[{"embeddable":true,"href":"https:\/\/pacolab-dz.com\/index.php?rest_route=\/wp\/v2\/media\/9459"}],"wp:attachment":[{"href":"https:\/\/pacolab-dz.com\/index.php?rest_route=%2Fwp%2Fv2%2Fmedia&parent=9458"}],"wp:term":[{"taxonomy":"product_cat","embeddable":true,"href":"https:\/\/pacolab-dz.com\/index.php?rest_route=%2Fwp%2Fv2%2Fproduct_cat&post=9458"},{"taxonomy":"product_tag","embeddable":true,"href":"https:\/\/pacolab-dz.com\/index.php?rest_route=%2Fwp%2Fv2%2Fproduct_tag&post=9458"}],"curies":[{"name":"wp","href":"https:\/\/api.w.org\/{rel}","templated":true}]}}