{"id":9454,"date":"2024-08-27T11:31:59","date_gmt":"2024-08-27T09:31:59","guid":{"rendered":"https:\/\/pacolab-dz.com\/?post_type=product&#038;p=9454"},"modified":"2024-08-27T11:35:16","modified_gmt":"2024-08-27T09:35:16","slug":"hiposol-eau-de-senteur-200ml","status":"publish","type":"product","link":"https:\/\/pacolab-dz.com\/?product=hiposol-eau-de-senteur-200ml","title":{"rendered":"HIPOSOL Eau de Senteur 200ml"},"content":{"rendered":"","protected":false},"excerpt":{"rendered":"<p>La premi\u00e8re eau de parfum parfaitement adapt\u00e9e \u00e0 la peau sensible des enfants. Frais, doux et d\u00e9licat. Contient tr\u00e8s peu d&rsquo;alcool pour mieux convenir \u00e0 la peau des enfants. Il ne tache pas et peut \u00eatre appliqu\u00e9 sur les v\u00eatements. Parfait pour les enfants mais aussi pour les mamans<\/p>\n","protected":false},"featured_media":9455,"comment_status":"open","ping_status":"closed","template":"","meta":{"om_disable_all_campaigns":false,"_monsterinsights_skip_tracking":false,"_monsterinsights_sitenote_active":false,"_monsterinsights_sitenote_note":"","_monsterinsights_sitenote_category":0,"_uf_show_specific_survey":0,"_uf_disable_surveys":false},"product_cat":[104],"product_tag":[],"class_list":{"0":"post-9454","1":"product","2":"type-product","3":"status-publish","4":"has-post-thumbnail","6":"product_cat-cosmetique-bebe","8":"first","9":"instock","10":"shipping-taxable","11":"product-type-simple"},"_links":{"self":[{"href":"https:\/\/pacolab-dz.com\/index.php?rest_route=\/wp\/v2\/product\/9454","targetHints":{"allow":["GET"]}}],"collection":[{"href":"https:\/\/pacolab-dz.com\/index.php?rest_route=\/wp\/v2\/product"}],"about":[{"href":"https:\/\/pacolab-dz.com\/index.php?rest_route=\/wp\/v2\/types\/product"}],"replies":[{"embeddable":true,"href":"https:\/\/pacolab-dz.com\/index.php?rest_route=%2Fwp%2Fv2%2Fcomments&post=9454"}],"version-history":[{"count":0,"href":"https:\/\/pacolab-dz.com\/index.php?rest_route=\/wp\/v2\/product\/9454\/revisions"}],"wp:featuredmedia":[{"embeddable":true,"href":"https:\/\/pacolab-dz.com\/index.php?rest_route=\/wp\/v2\/media\/9455"}],"wp:attachment":[{"href":"https:\/\/pacolab-dz.com\/index.php?rest_route=%2Fwp%2Fv2%2Fmedia&parent=9454"}],"wp:term":[{"taxonomy":"product_cat","embeddable":true,"href":"https:\/\/pacolab-dz.com\/index.php?rest_route=%2Fwp%2Fv2%2Fproduct_cat&post=9454"},{"taxonomy":"product_tag","embeddable":true,"href":"https:\/\/pacolab-dz.com\/index.php?rest_route=%2Fwp%2Fv2%2Fproduct_tag&post=9454"}],"curies":[{"name":"wp","href":"https:\/\/api.w.org\/{rel}","templated":true}]}}