{"id":9445,"date":"2024-08-27T11:17:23","date_gmt":"2024-08-27T09:17:23","guid":{"rendered":"https:\/\/pacolab-dz.com\/?post_type=product&#038;p=9445"},"modified":"2024-08-27T11:19:44","modified_gmt":"2024-08-27T09:19:44","slug":"hiposol-lotion-anti-poux-250ml","status":"publish","type":"product","link":"https:\/\/pacolab-dz.com\/?product=hiposol-lotion-anti-poux-250ml","title":{"rendered":"HIPOSOL Lotion Anti-Poux 250ml"},"content":{"rendered":"","protected":false},"excerpt":{"rendered":"<p><strong>IPOSOL Lotion Anti-poux\u00a0<\/strong>formul\u00e9 sp\u00e9cialement pour pr\u00e9venir et mettre un terme \u00e0 la pousse des poux au niveau du cuir chevelu des enfants. Le produit est un traitement de 5 jours, apr\u00e8s quoi des r\u00e9sultats peuvent appara\u00eetre.<\/p>\n","protected":false},"featured_media":9446,"comment_status":"open","ping_status":"closed","template":"","meta":{"om_disable_all_campaigns":false,"_monsterinsights_skip_tracking":false,"_monsterinsights_sitenote_active":false,"_monsterinsights_sitenote_note":"","_monsterinsights_sitenote_category":0,"_uf_show_specific_survey":0,"_uf_disable_surveys":false},"product_cat":[104],"product_tag":[],"class_list":{"0":"post-9445","1":"product","2":"type-product","3":"status-publish","4":"has-post-thumbnail","6":"product_cat-cosmetique-bebe","8":"first","9":"instock","10":"shipping-taxable","11":"product-type-simple"},"_links":{"self":[{"href":"https:\/\/pacolab-dz.com\/index.php?rest_route=\/wp\/v2\/product\/9445","targetHints":{"allow":["GET"]}}],"collection":[{"href":"https:\/\/pacolab-dz.com\/index.php?rest_route=\/wp\/v2\/product"}],"about":[{"href":"https:\/\/pacolab-dz.com\/index.php?rest_route=\/wp\/v2\/types\/product"}],"replies":[{"embeddable":true,"href":"https:\/\/pacolab-dz.com\/index.php?rest_route=%2Fwp%2Fv2%2Fcomments&post=9445"}],"version-history":[{"count":0,"href":"https:\/\/pacolab-dz.com\/index.php?rest_route=\/wp\/v2\/product\/9445\/revisions"}],"wp:featuredmedia":[{"embeddable":true,"href":"https:\/\/pacolab-dz.com\/index.php?rest_route=\/wp\/v2\/media\/9446"}],"wp:attachment":[{"href":"https:\/\/pacolab-dz.com\/index.php?rest_route=%2Fwp%2Fv2%2Fmedia&parent=9445"}],"wp:term":[{"taxonomy":"product_cat","embeddable":true,"href":"https:\/\/pacolab-dz.com\/index.php?rest_route=%2Fwp%2Fv2%2Fproduct_cat&post=9445"},{"taxonomy":"product_tag","embeddable":true,"href":"https:\/\/pacolab-dz.com\/index.php?rest_route=%2Fwp%2Fv2%2Fproduct_tag&post=9445"}],"curies":[{"name":"wp","href":"https:\/\/api.w.org\/{rel}","templated":true}]}}