{"id":9443,"date":"2024-08-27T11:14:19","date_gmt":"2024-08-27T09:14:19","guid":{"rendered":"https:\/\/pacolab-dz.com\/?post_type=product&#038;p=9443"},"modified":"2024-08-27T11:17:15","modified_gmt":"2024-08-27T09:17:15","slug":"mixa-bebe-shampooing-250ml-jaune","status":"publish","type":"product","link":"https:\/\/pacolab-dz.com\/?product=mixa-bebe-shampooing-250ml-jaune","title":{"rendered":"MIXA BEBE Shampooing 250ml jaune"},"content":{"rendered":"","protected":false},"excerpt":{"rendered":"<p>Le\u00a0<strong>shampooing tr\u00e8s doux<\/strong>\u00a0de la marque\u00a0<strong>Mixa\u00a0b\u00e9b\u00e9<\/strong>\u00a0rend les cheveux brillants et \u00e9clatants de sant\u00e9. Ne pique pas les yeux.<br \/>Enrichi en\u00a0agents adoucissants, le Shampooing Mixa b\u00e9b\u00e9 est \u00e0 la fois d\u2019une tr\u00e8s grande douceur pour les cheveux fragiles et particuli\u00e8rement adapt\u00e9 aux lavages fr\u00e9quents des cheveux.<br \/>Sa formule enrichie en agents adoucissants facilite le d\u00e9m\u00ealage des cheveux difficiles \u00e0 coiffer.<br \/>Vos cheveux retrouvent ainsi toute leur douceur, leur souplesse et leur brillance.<br \/>Ils sont \u00e9clatants de sant\u00e9.<br \/>Le shampooing Mixa b\u00e9b\u00e9 est \u00e0 la fois d\u2019une tr\u00e8s grande douceur pour les cheveux fragiles et particuli\u00e8rement adapt\u00e9 aux lavages fr\u00e9quents des cheveux d\u2019adultes.<br \/>Il lave parfaitement tous les types de cheveux tout en maintenant l\u2019\u00e9quilibre naturel de la fibre capillaire.<br \/>Sa mousse tr\u00e8s onctueuse se rince facilement et rend son utilisation tr\u00e8s agr\u00e9able.<\/p>\n","protected":false},"featured_media":9444,"comment_status":"open","ping_status":"closed","template":"","meta":{"om_disable_all_campaigns":false,"_monsterinsights_skip_tracking":false,"_monsterinsights_sitenote_active":false,"_monsterinsights_sitenote_note":"","_monsterinsights_sitenote_category":0,"_uf_show_specific_survey":0,"_uf_disable_surveys":false},"product_cat":[104],"product_tag":[],"class_list":{"0":"post-9443","1":"product","2":"type-product","3":"status-publish","4":"has-post-thumbnail","6":"product_cat-cosmetique-bebe","8":"first","9":"instock","10":"shipping-taxable","11":"product-type-simple"},"_links":{"self":[{"href":"https:\/\/pacolab-dz.com\/index.php?rest_route=\/wp\/v2\/product\/9443","targetHints":{"allow":["GET"]}}],"collection":[{"href":"https:\/\/pacolab-dz.com\/index.php?rest_route=\/wp\/v2\/product"}],"about":[{"href":"https:\/\/pacolab-dz.com\/index.php?rest_route=\/wp\/v2\/types\/product"}],"replies":[{"embeddable":true,"href":"https:\/\/pacolab-dz.com\/index.php?rest_route=%2Fwp%2Fv2%2Fcomments&post=9443"}],"version-history":[{"count":0,"href":"https:\/\/pacolab-dz.com\/index.php?rest_route=\/wp\/v2\/product\/9443\/revisions"}],"wp:featuredmedia":[{"embeddable":true,"href":"https:\/\/pacolab-dz.com\/index.php?rest_route=\/wp\/v2\/media\/9444"}],"wp:attachment":[{"href":"https:\/\/pacolab-dz.com\/index.php?rest_route=%2Fwp%2Fv2%2Fmedia&parent=9443"}],"wp:term":[{"taxonomy":"product_cat","embeddable":true,"href":"https:\/\/pacolab-dz.com\/index.php?rest_route=%2Fwp%2Fv2%2Fproduct_cat&post=9443"},{"taxonomy":"product_tag","embeddable":true,"href":"https:\/\/pacolab-dz.com\/index.php?rest_route=%2Fwp%2Fv2%2Fproduct_tag&post=9443"}],"curies":[{"name":"wp","href":"https:\/\/api.w.org\/{rel}","templated":true}]}}