{"id":9441,"date":"2024-08-27T11:09:48","date_gmt":"2024-08-27T09:09:48","guid":{"rendered":"https:\/\/pacolab-dz.com\/?post_type=product&#038;p=9441"},"modified":"2024-08-27T11:14:10","modified_gmt":"2024-08-27T09:14:10","slug":"johnsons-huile-de-massage-pour-bebe-300ml","status":"publish","type":"product","link":"https:\/\/pacolab-dz.com\/?product=johnsons-huile-de-massage-pour-bebe-300ml","title":{"rendered":"JOHNSON&rsquo;S Huile de Massage pour b\u00e9b\u00e9 300ml"},"content":{"rendered":"","protected":false},"excerpt":{"rendered":"<p>JOHNSON&rsquo;S Huile de Massage pour b\u00e9b\u00e9 300ml<br \/>Huile de massage JOHNSON sans colorants ni conservateurs, si utilis\u00e9 pur, il aide \u00e0 \u00e9liminer la cro\u00fbte de lait avec la plus grande d\u00e9licatesse et efficacit\u00e9. Huile min\u00e9rale hautement raffin\u00e9e, d\u00e9pourvue de fractions de paraffine non tol\u00e9r\u00e9e. A appliqu\u00e9 imm\u00e9diatement apr\u00e8s la douche, sur une peau encore humide, il recr\u00e9e une \u00e9mulsion d\u2019eau et de lipides qui aide \u00e0 reconstituer le film protecteur naturel de la peau<\/p>\n","protected":false},"featured_media":9442,"comment_status":"open","ping_status":"closed","template":"","meta":{"om_disable_all_campaigns":false,"_monsterinsights_skip_tracking":false,"_monsterinsights_sitenote_active":false,"_monsterinsights_sitenote_note":"","_monsterinsights_sitenote_category":0,"_uf_show_specific_survey":0,"_uf_disable_surveys":false},"product_cat":[104],"product_tag":[],"class_list":{"0":"post-9441","1":"product","2":"type-product","3":"status-publish","4":"has-post-thumbnail","6":"product_cat-cosmetique-bebe","8":"first","9":"instock","10":"shipping-taxable","11":"product-type-simple"},"_links":{"self":[{"href":"https:\/\/pacolab-dz.com\/index.php?rest_route=\/wp\/v2\/product\/9441","targetHints":{"allow":["GET"]}}],"collection":[{"href":"https:\/\/pacolab-dz.com\/index.php?rest_route=\/wp\/v2\/product"}],"about":[{"href":"https:\/\/pacolab-dz.com\/index.php?rest_route=\/wp\/v2\/types\/product"}],"replies":[{"embeddable":true,"href":"https:\/\/pacolab-dz.com\/index.php?rest_route=%2Fwp%2Fv2%2Fcomments&post=9441"}],"version-history":[{"count":0,"href":"https:\/\/pacolab-dz.com\/index.php?rest_route=\/wp\/v2\/product\/9441\/revisions"}],"wp:featuredmedia":[{"embeddable":true,"href":"https:\/\/pacolab-dz.com\/index.php?rest_route=\/wp\/v2\/media\/9442"}],"wp:attachment":[{"href":"https:\/\/pacolab-dz.com\/index.php?rest_route=%2Fwp%2Fv2%2Fmedia&parent=9441"}],"wp:term":[{"taxonomy":"product_cat","embeddable":true,"href":"https:\/\/pacolab-dz.com\/index.php?rest_route=%2Fwp%2Fv2%2Fproduct_cat&post=9441"},{"taxonomy":"product_tag","embeddable":true,"href":"https:\/\/pacolab-dz.com\/index.php?rest_route=%2Fwp%2Fv2%2Fproduct_tag&post=9441"}],"curies":[{"name":"wp","href":"https:\/\/api.w.org\/{rel}","templated":true}]}}