{"id":9431,"date":"2024-08-27T10:57:03","date_gmt":"2024-08-27T08:57:03","guid":{"rendered":"https:\/\/pacolab-dz.com\/?post_type=product&#038;p=9431"},"modified":"2024-08-27T11:01:12","modified_gmt":"2024-08-27T09:01:12","slug":"gentiane-liniment-oleo-calcere-pour-bebe-200ml","status":"publish","type":"product","link":"https:\/\/pacolab-dz.com\/?product=gentiane-liniment-oleo-calcere-pour-bebe-200ml","title":{"rendered":"GENTIANE Liniment Oleo-Calcere pour b\u00e9b\u00e9 200ml"},"content":{"rendered":"","protected":false},"excerpt":{"rendered":"<p>GENTIANE Liniment Oleo-Calcere pour b\u00e9b\u00e9 200ml <br \/>renforce la bari\u00e9re cutan\u00e9e<\/p>\n","protected":false},"featured_media":9432,"comment_status":"open","ping_status":"closed","template":"","meta":{"om_disable_all_campaigns":false,"_monsterinsights_skip_tracking":false,"_monsterinsights_sitenote_active":false,"_monsterinsights_sitenote_note":"","_monsterinsights_sitenote_category":0,"_uf_show_specific_survey":0,"_uf_disable_surveys":false},"product_cat":[104],"product_tag":[],"class_list":{"0":"post-9431","1":"product","2":"type-product","3":"status-publish","4":"has-post-thumbnail","6":"product_cat-cosmetique-bebe","8":"first","9":"instock","10":"shipping-taxable","11":"product-type-simple"},"_links":{"self":[{"href":"https:\/\/pacolab-dz.com\/index.php?rest_route=\/wp\/v2\/product\/9431","targetHints":{"allow":["GET"]}}],"collection":[{"href":"https:\/\/pacolab-dz.com\/index.php?rest_route=\/wp\/v2\/product"}],"about":[{"href":"https:\/\/pacolab-dz.com\/index.php?rest_route=\/wp\/v2\/types\/product"}],"replies":[{"embeddable":true,"href":"https:\/\/pacolab-dz.com\/index.php?rest_route=%2Fwp%2Fv2%2Fcomments&post=9431"}],"version-history":[{"count":0,"href":"https:\/\/pacolab-dz.com\/index.php?rest_route=\/wp\/v2\/product\/9431\/revisions"}],"wp:featuredmedia":[{"embeddable":true,"href":"https:\/\/pacolab-dz.com\/index.php?rest_route=\/wp\/v2\/media\/9432"}],"wp:attachment":[{"href":"https:\/\/pacolab-dz.com\/index.php?rest_route=%2Fwp%2Fv2%2Fmedia&parent=9431"}],"wp:term":[{"taxonomy":"product_cat","embeddable":true,"href":"https:\/\/pacolab-dz.com\/index.php?rest_route=%2Fwp%2Fv2%2Fproduct_cat&post=9431"},{"taxonomy":"product_tag","embeddable":true,"href":"https:\/\/pacolab-dz.com\/index.php?rest_route=%2Fwp%2Fv2%2Fproduct_tag&post=9431"}],"curies":[{"name":"wp","href":"https:\/\/api.w.org\/{rel}","templated":true}]}}