{"id":9362,"date":"2024-08-24T12:27:34","date_gmt":"2024-08-24T10:27:34","guid":{"rendered":"https:\/\/pacolab-dz.com\/?post_type=product&#038;p=9362"},"modified":"2024-08-25T17:44:24","modified_gmt":"2024-08-25T15:44:24","slug":"mustela-creme-de-change-100ml","status":"publish","type":"product","link":"https:\/\/pacolab-dz.com\/?product=mustela-creme-de-change-100ml","title":{"rendered":"MUSTELA Cr\u00e8me de Change 100ml"},"content":{"rendered":"","protected":false},"excerpt":{"rendered":"<p>Mustela Cr\u00e8me de Change 100ml: <br \/>Cr\u00e8me protectrice qui pr\u00e9vient et soigne les irritations et rougeurs du si\u00e8ge des b\u00e9b\u00e9s. Apaise, r\u00e9pare, et prot\u00e8ge la peau d\u00e9licate d\u00e8s la premi\u00e8re application.<\/p>\n","protected":false},"featured_media":9364,"comment_status":"open","ping_status":"closed","template":"","meta":{"om_disable_all_campaigns":false,"_monsterinsights_skip_tracking":false,"_monsterinsights_sitenote_active":false,"_monsterinsights_sitenote_note":"","_monsterinsights_sitenote_category":0,"_uf_show_specific_survey":0,"_uf_disable_surveys":false},"product_cat":[104],"product_tag":[],"class_list":{"0":"post-9362","1":"product","2":"type-product","3":"status-publish","4":"has-post-thumbnail","6":"product_cat-cosmetique-bebe","8":"first","9":"instock","10":"shipping-taxable","11":"product-type-simple"},"_links":{"self":[{"href":"https:\/\/pacolab-dz.com\/index.php?rest_route=\/wp\/v2\/product\/9362","targetHints":{"allow":["GET"]}}],"collection":[{"href":"https:\/\/pacolab-dz.com\/index.php?rest_route=\/wp\/v2\/product"}],"about":[{"href":"https:\/\/pacolab-dz.com\/index.php?rest_route=\/wp\/v2\/types\/product"}],"replies":[{"embeddable":true,"href":"https:\/\/pacolab-dz.com\/index.php?rest_route=%2Fwp%2Fv2%2Fcomments&post=9362"}],"version-history":[{"count":0,"href":"https:\/\/pacolab-dz.com\/index.php?rest_route=\/wp\/v2\/product\/9362\/revisions"}],"wp:featuredmedia":[{"embeddable":true,"href":"https:\/\/pacolab-dz.com\/index.php?rest_route=\/wp\/v2\/media\/9364"}],"wp:attachment":[{"href":"https:\/\/pacolab-dz.com\/index.php?rest_route=%2Fwp%2Fv2%2Fmedia&parent=9362"}],"wp:term":[{"taxonomy":"product_cat","embeddable":true,"href":"https:\/\/pacolab-dz.com\/index.php?rest_route=%2Fwp%2Fv2%2Fproduct_cat&post=9362"},{"taxonomy":"product_tag","embeddable":true,"href":"https:\/\/pacolab-dz.com\/index.php?rest_route=%2Fwp%2Fv2%2Fproduct_tag&post=9362"}],"curies":[{"name":"wp","href":"https:\/\/api.w.org\/{rel}","templated":true}]}}