{"id":9353,"date":"2024-08-23T22:15:02","date_gmt":"2024-08-23T20:15:02","guid":{"rendered":"https:\/\/pacolab-dz.com\/?post_type=product&#038;p=9353"},"modified":"2024-08-23T22:29:42","modified_gmt":"2024-08-23T20:29:42","slug":"fillet-de-bain-ninnos-44x77cm","status":"publish","type":"product","link":"https:\/\/pacolab-dz.com\/?product=fillet-de-bain-ninnos-44x77cm","title":{"rendered":"Fillet de Bain NINNOS 44\u00d777cm"},"content":{"rendered":"","protected":false},"excerpt":{"rendered":"<p>Ce flilet de bain NINNOS de taille 44\u00d777 cm est con\u00e7u pour offrir confort et s\u00e9curit\u00e9 \u00e0 votre b\u00e9b\u00e9 pendant le bain. Fabriqu\u00e9 avec des mat\u00e9riaux doux et agr\u00e9ables, il assure une exp\u00e9rience de bain relaxante et plaisante pour votre enfant.<\/p>\n","protected":false},"featured_media":9349,"comment_status":"open","ping_status":"closed","template":"","meta":{"om_disable_all_campaigns":false,"_monsterinsights_skip_tracking":false,"_monsterinsights_sitenote_active":false,"_monsterinsights_sitenote_note":"","_monsterinsights_sitenote_category":0,"_uf_show_specific_survey":0,"_uf_disable_surveys":false},"product_cat":[101],"product_tag":[],"class_list":{"0":"post-9353","1":"product","2":"type-product","3":"status-publish","4":"has-post-thumbnail","6":"product_cat-article-bebe","8":"first","9":"instock","10":"shipping-taxable","11":"product-type-simple"},"_links":{"self":[{"href":"https:\/\/pacolab-dz.com\/index.php?rest_route=\/wp\/v2\/product\/9353","targetHints":{"allow":["GET"]}}],"collection":[{"href":"https:\/\/pacolab-dz.com\/index.php?rest_route=\/wp\/v2\/product"}],"about":[{"href":"https:\/\/pacolab-dz.com\/index.php?rest_route=\/wp\/v2\/types\/product"}],"replies":[{"embeddable":true,"href":"https:\/\/pacolab-dz.com\/index.php?rest_route=%2Fwp%2Fv2%2Fcomments&post=9353"}],"version-history":[{"count":0,"href":"https:\/\/pacolab-dz.com\/index.php?rest_route=\/wp\/v2\/product\/9353\/revisions"}],"wp:featuredmedia":[{"embeddable":true,"href":"https:\/\/pacolab-dz.com\/index.php?rest_route=\/wp\/v2\/media\/9349"}],"wp:attachment":[{"href":"https:\/\/pacolab-dz.com\/index.php?rest_route=%2Fwp%2Fv2%2Fmedia&parent=9353"}],"wp:term":[{"taxonomy":"product_cat","embeddable":true,"href":"https:\/\/pacolab-dz.com\/index.php?rest_route=%2Fwp%2Fv2%2Fproduct_cat&post=9353"},{"taxonomy":"product_tag","embeddable":true,"href":"https:\/\/pacolab-dz.com\/index.php?rest_route=%2Fwp%2Fv2%2Fproduct_tag&post=9353"}],"curies":[{"name":"wp","href":"https:\/\/api.w.org\/{rel}","templated":true}]}}