{"id":8704,"date":"2024-07-11T03:07:33","date_gmt":"2024-07-11T01:07:33","guid":{"rendered":"http:\/\/localhost\/PACOLAB\/?post_type=product&#038;p=8704"},"modified":"2024-08-02T04:21:15","modified_gmt":"2024-08-02T02:21:15","slug":"cousin-incline","status":"publish","type":"product","link":"https:\/\/pacolab-dz.com\/?product=cousin-incline","title":{"rendered":"COUSSIN INCLINE B\u00c9B\u00c9 COTON 60X45 NINNOS"},"content":{"rendered":"","protected":false},"excerpt":{"rendered":"<p>COUSSIN INCLINE B\u00c9B\u00c9 COTON 60cm X 45cm NINNOS<br \/>Disponible en 04 Colories<br \/>Bleu <br \/>Beige <br \/>Blanc <br \/>Rose<\/p>\n","protected":false},"featured_media":8664,"comment_status":"open","ping_status":"closed","template":"","meta":{"om_disable_all_campaigns":false,"_monsterinsights_skip_tracking":false,"_monsterinsights_sitenote_active":false,"_monsterinsights_sitenote_note":"","_monsterinsights_sitenote_category":0,"_uf_show_specific_survey":0,"_uf_disable_surveys":false},"product_cat":[17,72,100],"product_tag":[],"class_list":{"0":"post-8704","1":"product","2":"type-product","3":"status-publish","4":"has-post-thumbnail","6":"product_cat-non-classe","7":"product_cat-mom-baby","8":"product_cat-puericultures","10":"first","11":"instock","12":"featured","13":"shipping-taxable","14":"product-type-simple"},"_links":{"self":[{"href":"https:\/\/pacolab-dz.com\/index.php?rest_route=\/wp\/v2\/product\/8704","targetHints":{"allow":["GET"]}}],"collection":[{"href":"https:\/\/pacolab-dz.com\/index.php?rest_route=\/wp\/v2\/product"}],"about":[{"href":"https:\/\/pacolab-dz.com\/index.php?rest_route=\/wp\/v2\/types\/product"}],"replies":[{"embeddable":true,"href":"https:\/\/pacolab-dz.com\/index.php?rest_route=%2Fwp%2Fv2%2Fcomments&post=8704"}],"version-history":[{"count":0,"href":"https:\/\/pacolab-dz.com\/index.php?rest_route=\/wp\/v2\/product\/8704\/revisions"}],"wp:featuredmedia":[{"embeddable":true,"href":"https:\/\/pacolab-dz.com\/index.php?rest_route=\/wp\/v2\/media\/8664"}],"wp:attachment":[{"href":"https:\/\/pacolab-dz.com\/index.php?rest_route=%2Fwp%2Fv2%2Fmedia&parent=8704"}],"wp:term":[{"taxonomy":"product_cat","embeddable":true,"href":"https:\/\/pacolab-dz.com\/index.php?rest_route=%2Fwp%2Fv2%2Fproduct_cat&post=8704"},{"taxonomy":"product_tag","embeddable":true,"href":"https:\/\/pacolab-dz.com\/index.php?rest_route=%2Fwp%2Fv2%2Fproduct_tag&post=8704"}],"curies":[{"name":"wp","href":"https:\/\/api.w.org\/{rel}","templated":true}]}}