{"id":11295,"date":"2025-02-08T09:28:03","date_gmt":"2025-02-08T08:28:03","guid":{"rendered":"https:\/\/pacolab-dz.com\/?post_type=product&#038;p=11295"},"modified":"2025-02-08T09:29:50","modified_gmt":"2025-02-08T08:29:50","slug":"solyne-complements-alimentaires-sirop-comprimes","status":"publish","type":"product","link":"https:\/\/pacolab-dz.com\/?product=solyne-complements-alimentaires-sirop-comprimes","title":{"rendered":"SOLYNE Compl\u00e9ments Alimentaires( Sirop +Comprim\u00e9s)"},"content":{"rendered":"","protected":false},"excerpt":{"rendered":"<p>SOLYNE Compl\u00e9ments Alimentaires( Sirop +Comprim\u00e9s)<\/p>\n","protected":false},"featured_media":11296,"comment_status":"open","ping_status":"closed","template":"","meta":{"om_disable_all_campaigns":false,"_monsterinsights_skip_tracking":false,"_monsterinsights_sitenote_active":false,"_monsterinsights_sitenote_note":"","_monsterinsights_sitenote_category":0,"_uf_show_specific_survey":0,"_uf_disable_surveys":false},"product_cat":[17],"product_tag":[],"class_list":{"0":"post-11295","1":"product","2":"type-product","3":"status-publish","4":"has-post-thumbnail","6":"product_cat-non-classe","8":"first","9":"instock","10":"shipping-taxable","11":"product-type-simple"},"_links":{"self":[{"href":"https:\/\/pacolab-dz.com\/index.php?rest_route=\/wp\/v2\/product\/11295","targetHints":{"allow":["GET"]}}],"collection":[{"href":"https:\/\/pacolab-dz.com\/index.php?rest_route=\/wp\/v2\/product"}],"about":[{"href":"https:\/\/pacolab-dz.com\/index.php?rest_route=\/wp\/v2\/types\/product"}],"replies":[{"embeddable":true,"href":"https:\/\/pacolab-dz.com\/index.php?rest_route=%2Fwp%2Fv2%2Fcomments&post=11295"}],"version-history":[{"count":1,"href":"https:\/\/pacolab-dz.com\/index.php?rest_route=\/wp\/v2\/product\/11295\/revisions"}],"predecessor-version":[{"id":11297,"href":"https:\/\/pacolab-dz.com\/index.php?rest_route=\/wp\/v2\/product\/11295\/revisions\/11297"}],"wp:featuredmedia":[{"embeddable":true,"href":"https:\/\/pacolab-dz.com\/index.php?rest_route=\/wp\/v2\/media\/11296"}],"wp:attachment":[{"href":"https:\/\/pacolab-dz.com\/index.php?rest_route=%2Fwp%2Fv2%2Fmedia&parent=11295"}],"wp:term":[{"taxonomy":"product_cat","embeddable":true,"href":"https:\/\/pacolab-dz.com\/index.php?rest_route=%2Fwp%2Fv2%2Fproduct_cat&post=11295"},{"taxonomy":"product_tag","embeddable":true,"href":"https:\/\/pacolab-dz.com\/index.php?rest_route=%2Fwp%2Fv2%2Fproduct_tag&post=11295"}],"curies":[{"name":"wp","href":"https:\/\/api.w.org\/{rel}","templated":true}]}}