{"id":11265,"date":"2025-02-08T08:59:20","date_gmt":"2025-02-08T07:59:20","guid":{"rendered":"https:\/\/pacolab-dz.com\/?post_type=product&#038;p=11265"},"modified":"2025-02-08T09:00:47","modified_gmt":"2025-02-08T08:00:47","slug":"bequilles-tabouret-a-trois-pieds","status":"publish","type":"product","link":"https:\/\/pacolab-dz.com\/?product=bequilles-tabouret-a-trois-pieds","title":{"rendered":"B\u00e9quilles tabouret \u00e0 trois pieds"},"content":{"rendered":"","protected":false},"excerpt":{"rendered":"<p>B\u00e9quilles tabouret \u00e0 trois pieds b\u00e2ton de marche en plein air Alpine chaise pliante en alliage d&rsquo;aluminium b\u00e2ton pliant canne multifonctionnelle<\/p>\n","protected":false},"featured_media":11266,"comment_status":"open","ping_status":"closed","template":"","meta":{"om_disable_all_campaigns":false,"_monsterinsights_skip_tracking":false,"_monsterinsights_sitenote_active":false,"_monsterinsights_sitenote_note":"","_monsterinsights_sitenote_category":0,"_uf_show_specific_survey":0,"_uf_disable_surveys":false},"product_cat":[96],"product_tag":[],"class_list":{"0":"post-11265","1":"product","2":"type-product","3":"status-publish","4":"has-post-thumbnail","6":"product_cat-parapharm","8":"first","9":"instock","10":"shipping-taxable","11":"product-type-simple"},"_links":{"self":[{"href":"https:\/\/pacolab-dz.com\/index.php?rest_route=\/wp\/v2\/product\/11265","targetHints":{"allow":["GET"]}}],"collection":[{"href":"https:\/\/pacolab-dz.com\/index.php?rest_route=\/wp\/v2\/product"}],"about":[{"href":"https:\/\/pacolab-dz.com\/index.php?rest_route=\/wp\/v2\/types\/product"}],"replies":[{"embeddable":true,"href":"https:\/\/pacolab-dz.com\/index.php?rest_route=%2Fwp%2Fv2%2Fcomments&post=11265"}],"version-history":[{"count":1,"href":"https:\/\/pacolab-dz.com\/index.php?rest_route=\/wp\/v2\/product\/11265\/revisions"}],"predecessor-version":[{"id":11267,"href":"https:\/\/pacolab-dz.com\/index.php?rest_route=\/wp\/v2\/product\/11265\/revisions\/11267"}],"wp:featuredmedia":[{"embeddable":true,"href":"https:\/\/pacolab-dz.com\/index.php?rest_route=\/wp\/v2\/media\/11266"}],"wp:attachment":[{"href":"https:\/\/pacolab-dz.com\/index.php?rest_route=%2Fwp%2Fv2%2Fmedia&parent=11265"}],"wp:term":[{"taxonomy":"product_cat","embeddable":true,"href":"https:\/\/pacolab-dz.com\/index.php?rest_route=%2Fwp%2Fv2%2Fproduct_cat&post=11265"},{"taxonomy":"product_tag","embeddable":true,"href":"https:\/\/pacolab-dz.com\/index.php?rest_route=%2Fwp%2Fv2%2Fproduct_tag&post=11265"}],"curies":[{"name":"wp","href":"https:\/\/api.w.org\/{rel}","templated":true}]}}