{"id":10923,"date":"2024-09-10T12:50:52","date_gmt":"2024-09-10T10:50:52","guid":{"rendered":"https:\/\/pacolab-dz.com\/?post_type=product&#038;p=10923"},"modified":"2024-09-10T12:52:34","modified_gmt":"2024-09-10T10:52:34","slug":"complement-alimentaire-grossesse-et-allaitement-plusieurs-modeles","status":"publish","type":"product","link":"https:\/\/pacolab-dz.com\/?product=complement-alimentaire-grossesse-et-allaitement-plusieurs-modeles","title":{"rendered":"COMPL\u00c9MENT ALIMENTAIRE GROSSESSE ET ALLAITEMENT PLUSIEURS MOD\u00c8LES"},"content":{"rendered":"","protected":false},"excerpt":{"rendered":"<p><strong>COMPL\u00c9MENT ALIMENTAIRE GROSSESSE ET ALLAITEMENT PLUSIEURS MOD\u00c8LES <\/strong><\/p>\n","protected":false},"featured_media":10924,"comment_status":"open","ping_status":"closed","template":"","meta":{"om_disable_all_campaigns":false,"_monsterinsights_skip_tracking":false,"_monsterinsights_sitenote_active":false,"_monsterinsights_sitenote_note":"","_monsterinsights_sitenote_category":0,"_uf_show_specific_survey":0,"_uf_disable_surveys":false},"product_cat":[99],"product_tag":[],"class_list":{"0":"post-10923","1":"product","2":"type-product","3":"status-publish","4":"has-post-thumbnail","6":"product_cat-complement-ali","8":"first","9":"instock","10":"shipping-taxable","11":"product-type-simple"},"_links":{"self":[{"href":"https:\/\/pacolab-dz.com\/index.php?rest_route=\/wp\/v2\/product\/10923","targetHints":{"allow":["GET"]}}],"collection":[{"href":"https:\/\/pacolab-dz.com\/index.php?rest_route=\/wp\/v2\/product"}],"about":[{"href":"https:\/\/pacolab-dz.com\/index.php?rest_route=\/wp\/v2\/types\/product"}],"replies":[{"embeddable":true,"href":"https:\/\/pacolab-dz.com\/index.php?rest_route=%2Fwp%2Fv2%2Fcomments&post=10923"}],"version-history":[{"count":0,"href":"https:\/\/pacolab-dz.com\/index.php?rest_route=\/wp\/v2\/product\/10923\/revisions"}],"wp:featuredmedia":[{"embeddable":true,"href":"https:\/\/pacolab-dz.com\/index.php?rest_route=\/wp\/v2\/media\/10924"}],"wp:attachment":[{"href":"https:\/\/pacolab-dz.com\/index.php?rest_route=%2Fwp%2Fv2%2Fmedia&parent=10923"}],"wp:term":[{"taxonomy":"product_cat","embeddable":true,"href":"https:\/\/pacolab-dz.com\/index.php?rest_route=%2Fwp%2Fv2%2Fproduct_cat&post=10923"},{"taxonomy":"product_tag","embeddable":true,"href":"https:\/\/pacolab-dz.com\/index.php?rest_route=%2Fwp%2Fv2%2Fproduct_tag&post=10923"}],"curies":[{"name":"wp","href":"https:\/\/api.w.org\/{rel}","templated":true}]}}